{"id":23,"date":"2025-12-07T13:30:07","date_gmt":"2025-12-07T12:30:07","guid":{"rendered":"https:\/\/niix1946-qrcwj.wordpress.com\/services\/"},"modified":"2026-03-24T19:35:58","modified_gmt":"2026-03-24T19:35:58","slug":"services","status":"publish","type":"page","link":"https:\/\/sound-lights-diffusion.com\/index.php\/services\/","title":{"rendered":"Prestations"},"content":{"rendered":"\n<div class=\"wp-block-group alignfull is-style-section-1 has-global-padding is-content-justification-center is-layout-constrained wp-block-group-is-layout-constrained is-style-section-1--1\" id=\"page-title-section\" style=\"margin-top:0;margin-bottom:0;padding-top:var(--wp--preset--spacing--40);padding-bottom:var(--wp--preset--spacing--40)\">\n<div class=\"wp-block-columns alignwide is-layout-flex wp-container-core-columns-is-layout-30cd009e wp-block-columns-is-layout-flex\">\n<div class=\"wp-block-column is-vertically-aligned-bottom is-layout-flow wp-block-column-is-layout-flow\">\n<figure class=\"wp-block-image aligncenter size-full is-resized\"><img decoding=\"async\" src=\"http:\/\/sound-lights-diffusion.com\/wp-content\/uploads\/2025\/12\/sonorisation-2.jpeg\" alt=\"Interior venue with various lighting setups, featuring spotlights and illuminated polar patterns on the ground.\" class=\"wp-image-12\" style=\"aspect-ratio:0.75;object-fit:cover;width:221px;height:auto\"\/><\/figure>\n<\/div>\n\n\n\n<div class=\"wp-block-column is-vertically-aligned-center has-global-padding is-content-justification-left is-layout-constrained wp-container-core-column-is-layout-614074b5 wp-block-column-is-layout-constrained\">\n<h6 class=\"wp-block-heading has-text-align-left has-xx-large-font-size\">NOS services<\/h6>\n\n\n\n<p class=\"has-medium-font-size\">Nous proposons une gamme compl\u00e8te de mat\u00e9riel de sonorisation pour assurer une qualit\u00e9 sonore optimale lors de tous vos \u00e9v\u00e9nements, qu&#8217;ils soient professionnels ou priv\u00e9s.<\/p>\n<\/div>\n<\/div>\n<\/div>\n\n\n\n<div class=\"wp-block-group alignfull is-style-section-5 has-global-padding is-layout-constrained wp-block-group-is-layout-constrained is-style-section-5--2\" id=\"services-section\" style=\"margin-top:0;margin-bottom:0;padding-top:var(--wp--preset--spacing--50);padding-bottom:var(--wp--preset--spacing--50)\">\n<div class=\"wp-block-group alignwide is-layout-flow wp-block-group-is-layout-flow\">\n<div class=\"wp-block-group alignwide is-layout-flow wp-block-group-is-layout-flow\">\n<div class=\"wp-block-columns alignwide is-layout-flex wp-container-core-columns-is-layout-87beb0d0 wp-block-columns-is-layout-flex\">\n<div class=\"wp-block-column is-layout-flow wp-block-column-is-layout-flow\">\n<h2 class=\"wp-block-heading wp-container-content-958eb9dc\">Services LOCATIONS<\/h2>\n\n\n\n<div style=\"margin-top:0;margin-bottom:0;height:var(--wp--preset--spacing--10)\" aria-hidden=\"true\" class=\"wp-block-spacer\"><\/div>\n<\/div>\n\n\n\n<div class=\"wp-block-column is-layout-flow wp-container-core-column-is-layout-8a368f38 wp-block-column-is-layout-flow\">\n<div class=\"wp-block-group is-layout-flow wp-block-group-is-layout-flow\">\n<p class=\"is-service-description\"><\/p>\n<\/div>\n<\/div>\n\n\n\n<div class=\"wp-block-column is-layout-flow wp-container-core-column-is-layout-8a368f38 wp-block-column-is-layout-flow\">\n<div class=\"wp-block-group is-layout-flow wp-block-group-is-layout-flow\">\n<figure class=\"wp-block-image size-full wp-duotone-unset-3\"><img decoding=\"async\" src=\"http:\/\/sound-lights-diffusion.com\/wp-content\/uploads\/2025\/12\/img_0152.jpg\" alt=\"\" class=\"wp-image-49\" style=\"aspect-ratio:4\/3;object-fit:cover\"\/><\/figure>\n\n\n\n<p class=\"has-large-font-size\"><strong>Le projecteur Acer est utilis\u00e9 couramment pour les pr\u00e9sentations professionnelles avec r\u00e9solution Full HD.<\/strong><\/p>\n\n\n\n<p class=\"is-service-description\"><strong>65\u20ac<\/strong><\/p>\n<\/div>\n<\/div>\n<\/div>\n<\/div>\n<\/div>\n\n\n\n<figure class=\"wp-block-image size-large is-resized is-style-default\"><img loading=\"lazy\" decoding=\"async\" width=\"1536\" height=\"1152\" src=\"https:\/\/sound-lights-diffusion.com\/wp-content\/uploads\/2025\/12\/IMG_3392-edited.jpg\" alt=\"\" class=\"wp-image-145\" style=\"aspect-ratio:1.3333333333333333;object-fit:cover;width:449px;height:auto\" srcset=\"https:\/\/sound-lights-diffusion.com\/wp-content\/uploads\/2025\/12\/IMG_3392-edited.jpg 1536w, https:\/\/sound-lights-diffusion.com\/wp-content\/uploads\/2025\/12\/IMG_3392-edited-300x225.jpg 300w, https:\/\/sound-lights-diffusion.com\/wp-content\/uploads\/2025\/12\/IMG_3392-edited-1024x768.jpg 1024w, https:\/\/sound-lights-diffusion.com\/wp-content\/uploads\/2025\/12\/IMG_3392-edited-768x576.jpg 768w\" sizes=\"auto, (max-width: 1536px) 100vw, 1536px\" \/><\/figure>\n\n\n\n<p class=\"has-large-font-size\">Offrez une exp\u00e9rience unique avec notre Photobooth Premium : une borne photo \u00e9l\u00e9gante et simple d\u2019usage, id\u00e9ale pour cr\u00e9er des souvenirs authentiques et divertir vos invit\u00e9s d\u00e8s 200 photos.<\/p>\n\n\n\n<p>Tarif disponible sur devis ou par t\u00e9l\u00e9phone.<\/p>\n<\/div>\n","protected":false},"excerpt":{"rendered":"<p>NOS services Nous proposons une gamme compl\u00e8te de mat\u00e9riel de sonorisation pour assurer une qualit\u00e9 sonore optimale lors de tous vos \u00e9v\u00e9nements, qu&#8217;ils soient professionnels ou priv\u00e9s. Services LOCATIONS Le projecteur Acer est utilis\u00e9 couramment pour les pr\u00e9sentations professionnelles avec r\u00e9solution Full HD. 65\u20ac Offrez une exp\u00e9rience unique avec notre Photobooth Premium : une borne [&hellip;]<\/p>\n","protected":false},"author":1,"featured_media":0,"parent":0,"menu_order":1,"comment_status":"closed","ping_status":"closed","template":"","meta":{"footnotes":""},"class_list":["post-23","page","type-page","status-publish","hentry"],"_links":{"self":[{"href":"https:\/\/sound-lights-diffusion.com\/index.php\/wp-json\/wp\/v2\/pages\/23","targetHints":{"allow":["GET"]}}],"collection":[{"href":"https:\/\/sound-lights-diffusion.com\/index.php\/wp-json\/wp\/v2\/pages"}],"about":[{"href":"https:\/\/sound-lights-diffusion.com\/index.php\/wp-json\/wp\/v2\/types\/page"}],"author":[{"embeddable":true,"href":"https:\/\/sound-lights-diffusion.com\/index.php\/wp-json\/wp\/v2\/users\/1"}],"replies":[{"embeddable":true,"href":"https:\/\/sound-lights-diffusion.com\/index.php\/wp-json\/wp\/v2\/comments?post=23"}],"version-history":[{"count":10,"href":"https:\/\/sound-lights-diffusion.com\/index.php\/wp-json\/wp\/v2\/pages\/23\/revisions"}],"predecessor-version":[{"id":172,"href":"https:\/\/sound-lights-diffusion.com\/index.php\/wp-json\/wp\/v2\/pages\/23\/revisions\/172"}],"wp:attachment":[{"href":"https:\/\/sound-lights-diffusion.com\/index.php\/wp-json\/wp\/v2\/media?parent=23"}],"curies":[{"name":"wp","href":"https:\/\/api.w.org\/{rel}","templated":true}]}}